{"id":12971,"date":"2019-11-28T16:08:09","date_gmt":"2019-11-28T15:08:09","guid":{"rendered":"https:\/\/templ.io\/?page_id=12971"},"modified":"2021-09-05T00:00:26","modified_gmt":"2021-09-04T22:00:26","slug":"kampanj","status":"publish","type":"page","link":"https:\/\/templ.io\/sv\/kampanj\/","title":{"rendered":"Kampanj"},"content":{"rendered":"\n<section id=\"hero-block_6133ec4badec8\" class=\"templ-section hero-block full-height animate-background\">\n        <div class=\"container\">\n            \n\n<div class=\"row pb-4 align-items-center\">\n          <div class=\"col-lg-5\">\n            <h1 class=\"ani-up-hero\">V\u00e4x snabbare med b\u00e4ttre WordPress hosting<\/h1>\n            <p class=\"mb-4 ani-up-hero\">Prova Templ helt utan kostnad i upp till tv\u00e5 m\u00e5nader. Avsluta n\u00e4r du vill.<\/p>\n            <div class=\"ani-up-hero\"><div class=\"tml tml-register\">\n<div class=\"tml-alerts\"><\/div><form name=\"register\" action=\"https:\/\/templ.io\/sv\/register\/\" method=\"post\" novalidate=\"novalidate\">\n<div class=\"form-group\">\n<label class=\"tml-label\" for=\"first_name\">F\u00f6rnamn<\/label>\n<input name=\"first_name\" type=\"text\" value=\"\" id=\"first_name\" class=\"form-control\" class=\"tml-field\">\n<\/div>\n\n<div class=\"form-group\">\n<label class=\"tml-label\" for=\"last_name\">Efternamn<\/label>\n<input name=\"last_name\" type=\"text\" value=\"\" id=\"last_name\" class=\"form-control\" class=\"tml-field\">\n<\/div>\n\n<input name=\"user_login\" type=\"hidden\" value=\"user9df3ce4a37668de6215df99e8775405b\" id=\"user_login\">\n\n<div class=\"form-group\">\n<label class=\"tml-label\" for=\"user_email\">E-postadress<\/label>\n<input name=\"user_email\" type=\"email\" value=\"\" id=\"user_email\" class=\"form-control\" class=\"tml-field\">\n<\/div>\n\n<div class=\"form-group\">\n<label class=\"tml-label\" for=\"pass1\">L\u00f6senord<\/label>\n<input name=\"user_pass1\" type=\"password\" value=\"\" id=\"pass1\" autocomplete=\"off\" class=\"form-control\" class=\"tml-field\">\n<\/div>\n\n\n<div class=\"form-group\">\n<button name=\"submit\" type=\"submit\" class=\"form-control\" class=\"tml-button\">Kom ig\u00e5ng<\/button>\n<\/div>\n\n<input name=\"redirect_to\" type=\"hidden\" value=\"\">\n\n<div class=\"form-group\">\n<p class=\"terms-disclaimer\">Genom att klicka p\u00e5 \"Kom ig\u00e5ng\" s\u00e5 skapar du ett Templ-konto och godk\u00e4nner Templs <a href=\"https:\/\/templ.io\/sv\/legal\/terms-of-service\/\" target=\"_blank\">anv\u00e4ndarvillkor<\/a> och <a href=\"https:\/\/templ.io\/sv\/legal\/privacy-policy\/\" target=\"_blank\">sekretesspolicy<\/a>.<\/p><\/div>\n\n<\/form>\n<\/div>\n<br><script type=\"text\/javascript\">\n        jQuery(document).ready(function($){\n        $('.tml-label[for=\"first_name\"]').html(function(index,html){\n        return html.replace('Name','Namn');\n        });\n        });\n      <\/script><\/div>\n          <\/div>\n          <div id=\"hero-ani\" class=\"ani-up-hero col-lg-7 mt-3 mt-lg-0\"><\/div>\n        <\/div>\n\n<div class=\"row\">\n          <div class=\"tiny-features mt-3\">\n            <div><img src=\"data:image\/svg+xml;base64,PD94bWwgdmVyc2lvbj0iMS4wIiBlbmNvZGluZz0idXRmLTgiPz4KPCEtLSBHZW5lcmF0b3I6IEFkb2JlIElsbHVzdHJhdG9yIDI0LjMuMCwgU1ZHIEV4cG9ydCBQbHVnLUluIC4gU1ZHIFZlcnNpb246IDYuMDAgQnVpbGQgMCkgIC0tPgo8c3ZnIHZlcnNpb249IjEuMSIgaWQ9IndvcmsiIHhtbG5zPSJodHRwOi8vd3d3LnczLm9yZy8yMDAwL3N2ZyIgeG1sbnM6eGxpbms9Imh0dHA6Ly93d3cudzMub3JnLzE5OTkveGxpbmsiIHg9IjBweCIgeT0iMHB4IgoJIHZpZXdCb3g9IjAgMCAyMTAgMjEwIiBzdHlsZT0iZW5hYmxlLWJhY2tncm91bmQ6bmV3IDAgMCAyMTAgMjEwOyIgeG1sOnNwYWNlPSJwcmVzZXJ2ZSI+CjxzdHlsZSB0eXBlPSJ0ZXh0L2NzcyI+Cgkuc3Qwe2ZpbGw6IzEwMkQ0Nzt9Cgkuc3Qxe2ZpbGw6bm9uZTt9Cgkuc3Qye2ZpbGw6IzAwQkVGNjt9Cjwvc3R5bGU+CjxnPgoJPHBhdGggY2xhc3M9InN0MCIgZD0iTTE2LjcsNDEuMXYxMjcuOGg1Ni40di03SDIzLjdWNjloMTYyLjV2OTIuOWgwdjdoN1Y0MS4xSDE2Ljd6IE0yMy43LDYyVjQ4LjFoMTYyLjVWNjJIMjMuN3oiLz4KCTxnPgoJCTxwb2x5Z29uIGNsYXNzPSJzdDAiIHBvaW50cz0iMTc0LjcsMTcwLjcgMTU0LjksMTkwLjUgMTU0LjksMTMwLjMgMTQ3LjksMTMwLjMgMTQ3LjksMTkwLjUgMTI4LDE3MC43IDEyMy4xLDE3NS42IDE1MS40LDIwMy45IAoJCQkxNzkuNywxNzUuNiAJCSIvPgoJCTxwb2x5Z29uIGNsYXNzPSJzdDAiIHBvaW50cz0iMTM2LjMsMTUzLjYgMTA4LDEyNS4zIDc5LjcsMTUzLjYgODQuNywxNTguNiAxMDQuNSwxMzguNyAxMDQuNSwxOTkgMTExLjUsMTk5IDExMS41LDEzOC43IAoJCQkxMzEuNCwxNTguNiAJCSIvPgoJPC9nPgo8L2c+Cjwvc3ZnPgo=\" alt=\"Gratis flytthj\u00e4lp\" class=\"\">Obegr\u00e4nsat med flytthj\u00e4lp<\/div>\n            <div><img src=\"data:image\/svg+xml;base64,PD94bWwgdmVyc2lvbj0iMS4wIiBlbmNvZGluZz0idXRmLTgiPz4KPCEtLSBHZW5lcmF0b3I6IEFkb2JlIElsbHVzdHJhdG9yIDI0LjMuMCwgU1ZHIEV4cG9ydCBQbHVnLUluIC4gU1ZHIFZlcnNpb246IDYuMDAgQnVpbGQgMCkgIC0tPgo8c3ZnIHZlcnNpb249IjEuMSIgaWQ9IndvcmsiIHhtbG5zPSJodHRwOi8vd3d3LnczLm9yZy8yMDAwL3N2ZyIgeG1sbnM6eGxpbms9Imh0dHA6Ly93d3cudzMub3JnLzE5OTkveGxpbmsiIHg9IjBweCIgeT0iMHB4IgoJIHZpZXdCb3g9IjAgMCAyMTAgMjEwIiBzdHlsZT0iZW5hYmxlLWJhY2tncm91bmQ6bmV3IDAgMCAyMTAgMjEwOyIgeG1sOnNwYWNlPSJwcmVzZXJ2ZSI+CjxzdHlsZSB0eXBlPSJ0ZXh0L2NzcyI+Cgkuc3Qwe2ZpbGw6IzEwMkQ0Nzt9Cgkuc3Qxe2ZpbGw6bm9uZTt9Cgkuc3Qye2ZpbGw6IzAwQkVGNjt9Cjwvc3R5bGU+CjxnPgoJPHBhdGggY2xhc3M9InN0MCIgZD0iTTEwOC40LDIwLjF2LTE3aC02Ljd2MTdjMS4xLDAsMi4yLTAuMSwzLjMtMC4xQzEwNi4yLDIwLjEsMTA3LjMsMjAuMSwxMDguNCwyMC4xeiIvPgoJPHBhdGggY2xhc3M9InN0MCIgZD0iTTU3LDE1LjJsLTUuOCwzLjNsOC41LDE0LjdjMS45LTEuMiwzLjgtMi4zLDUuOC0zLjNMNTcsMTUuMnoiLz4KCTxwYXRoIGNsYXNzPSJzdDAiIGQ9Ik0xOC41LDUxLjJMMTUuMiw1N2wxNC43LDguNWMxLTIsMi4xLTMuOSwzLjMtNS44TDE4LjUsNTEuMnoiLz4KCTxwYXRoIGNsYXNzPSJzdDAiIGQ9Ik0yMC4yLDEwMS43aC0xN3Y2LjdoMTdjMC0xLjEtMC4xLTIuMi0wLjEtMy4zQzIwLjEsMTAzLjksMjAuMSwxMDIuOCwyMC4yLDEwMS43eiIvPgoJPHBhdGggY2xhc3M9InN0MCIgZD0iTTE1LjIsMTUzbDMuMyw1LjhsMTQuNy04LjVjLTEuMi0xLjktMi4zLTMuOC0zLjMtNS44TDE1LjIsMTUzeiIvPgoJPHBhdGggY2xhc3M9InN0MCIgZD0iTTUxLjIsMTkxLjVsNS44LDMuM2w4LjUtMTQuN2MtMi0xLTMuOS0yLjEtNS44LTMuM0w1MS4yLDE5MS41eiIvPgoJPHBhdGggY2xhc3M9InN0MCIgZD0iTTEwMS43LDE4OS45djE3aDYuN3YtMTdjLTEuMSwwLTIuMiwwLjEtMy4zLDAuMUMxMDMuOSwxODkuOSwxMDIuOCwxODkuOSwxMDEuNywxODkuOXoiLz4KCTxnPgoJCTxwYXRoIGNsYXNzPSJzdDAiIGQ9Ik00MS4yLDEzNy41Yy01LTkuOC03LjgtMjAuOC03LjgtMzIuNWMwLTM5LjUsMzIuMS03MS42LDcxLjYtNzEuNmMxMS43LDAsMjIuNywyLjgsMzIuNSw3LjgKCQkJYy0wLjMtMC42LTAuNi0xLjItMC45LTEuOGwtNC4yLTcuOGMtOC41LTMuMi0xNy43LTQuOS0yNy4zLTQuOWMtNDMuMiwwLTc4LjMsMzUtNzguMyw3OC4zYzAsOS42LDEuNywxOC44LDQuOSwyNy4zbDcuOCw0LjIKCQkJQzQwLDEzNi45LDQwLjYsMTM3LjIsNDEuMiwxMzcuNXoiLz4KCTwvZz4KCTxwb2x5Z29uIGNsYXNzPSJzdDAiIHBvaW50cz0iOTkuMSw4Mi40IDk0LjMsNzcuNyA4OC40LDgzLjYgODIuNCw3Ny43IDc3LjcsODIuNCA4My43LDg4LjMgNzcuNyw5NC4zIDgyLjQsOTkgODguNCw5MyA5NC4zLDk5IAoJCTk5LjEsOTQuMyA5My4xLDg4LjMgCSIvPgoJPHBvbHlnb24gY2xhc3M9InN0MCIgcG9pbnRzPSIxOTQsMTc1LjIgMTg5LjMsMTcwLjUgMTgzLjMsMTc2LjUgMTc3LjMsMTcwLjUgMTcyLjYsMTc1LjIgMTc4LjYsMTgxLjIgMTcyLjYsMTg3LjEgMTc3LjMsMTkxLjggCgkJMTgzLjMsMTg1LjkgMTg5LjMsMTkxLjggMTk0LDE4Ny4xIDE4OCwxODEuMiAJIi8+Cgk8cG9seWdvbiBjbGFzcz0ic3QwIiBwb2ludHM9IjE5NCwyMi45IDE4OS4zLDE4LjIgMTgzLjMsMjQuMSAxNzcuMywxOC4yIDE3Mi42LDIyLjkgMTc4LjYsMjguOCAxNzIuNiwzNC44IDE3Ny4zLDM5LjUgMTgzLjMsMzMuNSAKCQkxODkuMywzOS41IDE5NCwzNC44IDE4OCwyOC44IAkiLz4KCTxnPgoJCTxnPgoJCQk8cGF0aCBjbGFzcz0ic3QwIiBkPSJNMTU2LjYsNTUuM2MxMi43LDEzLjIsMjAuMSwzMC45LDIwLjEsNDkuN2MwLDM5LjUtMzIuMSw3MS42LTcxLjYsNzEuNmMtMTguOCwwLTM2LjYtNy40LTQ5LjctMjAuMQoJCQkJYzYsMS4zLDEyLjIsMiwxOC40LDJjNDYuOCwwLDg0LjktMzguMSw4NC45LTg0LjlDMTU4LjYsNjcuNCwxNTcuOSw2MS4zLDE1Ni42LDU1LjMgTTE0Mi40LDM2LjJjNi4xLDExLjEsOS41LDIzLjksOS41LDM3LjQKCQkJCWMwLDQzLjItMzUsNzguMy03OC4zLDc4LjNjLTEzLjUsMC0yNi4zLTMuNC0zNy40LTkuNWMxMy4zLDI0LjMsMzkuMSw0MC45LDY4LjgsNDAuOWM0My4yLDAsNzguMy0zNSw3OC4zLTc4LjMKCQkJCUMxODMuMyw3NS4zLDE2Ni44LDQ5LjUsMTQyLjQsMzYuMkwxNDIuNCwzNi4yeiIvPgoJCTwvZz4KCTwvZz4KPC9nPgo8L3N2Zz4K\" alt=\"\u00d6vervakning 24\/7\" class=\"\">\u00d6vervakning 24\/7<\/div>\n            <div><img src=\"data:image\/svg+xml;base64,PD94bWwgdmVyc2lvbj0iMS4wIiBlbmNvZGluZz0idXRmLTgiPz4KPCEtLSBHZW5lcmF0b3I6IEFkb2JlIElsbHVzdHJhdG9yIDI0LjMuMCwgU1ZHIEV4cG9ydCBQbHVnLUluIC4gU1ZHIFZlcnNpb246IDYuMDAgQnVpbGQgMCkgIC0tPgo8c3ZnIHZlcnNpb249IjEuMSIgaWQ9IndvcmsiIHhtbG5zPSJodHRwOi8vd3d3LnczLm9yZy8yMDAwL3N2ZyIgeG1sbnM6eGxpbms9Imh0dHA6Ly93d3cudzMub3JnLzE5OTkveGxpbmsiIHg9IjBweCIgeT0iMHB4IgoJIHZpZXdCb3g9IjAgMCAyMTAgMjEwIiBzdHlsZT0iZW5hYmxlLWJhY2tncm91bmQ6bmV3IDAgMCAyMTAgMjEwOyIgeG1sOnNwYWNlPSJwcmVzZXJ2ZSI+CjxzdHlsZSB0eXBlPSJ0ZXh0L2NzcyI+Cgkuc3Qwe2ZpbGw6IzEwMkQ0Nzt9Cgkuc3Qxe2ZpbGw6bm9uZTt9Cgkuc3Qye2ZpbGw6IzAwQkVGNjt9Cjwvc3R5bGU+CjxnPgoJPHBhdGggY2xhc3M9InN0MCIgZD0iTTE2Ny4zLDkyLjRsMC0wLjFsLTAuMywwLjFjLTAuOC0wLjEtMS42LTAuMi0yLjQtMC4zbC0wLjEsMC44bC00LjEsMC45bDAsMC4yYzAuMSwwLjcsMC4zLDEuNSwwLjQsMi4yCgkJbDAuNCwyLjdsMi44LDAuMmMxNi4yLDEuMiwyOC45LDE0LjksMjguOSwzMS4yYzAsMTcuMi0xNCwzMS4zLTMxLjMsMzEuM0gxMDV2N2g1Ni42YzIxLjEsMCwzOC4zLTE3LjIsMzguMy0zOC4zCgkJQzE5OS45LDExMS4zLDE4NS44LDk1LjIsMTY3LjMsOTIuNHoiLz4KCTxwYXRoIGNsYXNzPSJzdDAiIGQ9Ik01MS4zLDE2MS41Yy0xOS4xLDAtMzQuNi0xNS41LTM0LjYtMzQuNmMwLTAuNiwwLTEuMiwwLTEuN2MwLTAuMSwwLTAuMywwLTAuNGMwLTAuNCwwLjEtMC45LDAuMS0xLjMKCQljMC0wLjEsMC0wLjMsMC0wLjRjMC0wLjQsMC4xLTAuOSwwLjItMS4zYzAtMC4xLDAtMC4yLDAuMS0wLjNjMC4xLTAuNSwwLjItMC45LDAuMy0xLjRjMC0wLjEsMC0wLjEsMC0wLjIKCQljMi44LTEzLjQsMTMuNC0yNC4xLDI2LjktMjYuOGMwLjIsMCwwLjQtMC4xLDAuNi0wLjFjMC4zLTAuMSwwLjYtMC4xLDEtMC4yYzAuNS0wLjEsMC45LTAuMSwxLjQtMC4yYzEuMy0wLjIsMi42LTAuMiw0LTAuMgoJCWM5LjIsMCwxNy45LDMuNiwyNC41LDEwLjFsNC45LTQuOWMtNy45LTcuOS0xOC4zLTEyLjItMjkuNC0xMi4yYy0xLjUsMC0zLDAuMS00LjUsMC4zbDAsMGMtMC4xLDAtMC4yLDAtMC4zLDAKCQljLTAuNiwwLjEtMS4xLDAuMS0xLjcsMC4yYy0wLjIsMC0wLjQsMC4xLTAuNiwwLjFjLTAuNCwwLjEtMC45LDAuMS0xLjMsMC4yYy0xNS43LDMuMi0yOCwxNS4xLTMxLjksMzAuNGMwLDAsMCwwLDAsMAoJCWMtMC4yLDAuNi0wLjMsMS4yLTAuNCwxLjljMCwwLjEsMCwwLjIsMCwwLjJjLTAuMSwwLjYtMC4yLDEuMS0wLjMsMS43YzAsMC4xLDAsMC4zLTAuMSwwLjRjLTAuMSwwLjUtMC4xLDEtMC4yLDEuNgoJCWMwLDAuMiwwLDAuMy0wLjEsMC41Yy0wLjEsMC41LTAuMSwxLTAuMSwxLjVjMCwwLjIsMCwwLjQsMCwwLjVjMCwwLjctMC4xLDEuNC0wLjEsMi4xYzAsMjIuOSwxOC43LDQxLjYsNDEuNiw0MS42SDEwNXYtN0g1MS4zeiIvPgoJPGc+CgkJPHBhdGggY2xhc3M9InN0MCIgZD0iTTEwNSw0OC41di03Yy0yNSwwLTQ3LjUsMTQuOC01Ny43LDM3YzEuMy0wLjEsMi43LTAuMiw0LTAuMmMxLjMsMCwyLjYsMC4xLDMuOCwwLjIKCQkJQzY0LjgsNjAuNCw4My44LDQ4LjUsMTA1LDQ4LjV6Ii8+Cgk8L2c+Cgk8cGF0aCBjbGFzcz0ic3QwIiBkPSJNMTYwLjQsOTMuN2MtMC41LTIuNS0xLjItNS0yLTcuNEMxNTAuNCw2My43LDEyOSw0OC41LDEwNSw0OC41di03YzI3LDAsNTEuMSwxNy4xLDYwLDQyLjUKCQljMC45LDIuNywxLjcsNS41LDIuMyw4LjNMMTYwLjQsOTMuN3oiLz4KPC9nPgo8L3N2Zz4K\" alt=\"Google Cloud\" class=\"\">Google Cloud<\/div>\n            <div><img src=\"data:image\/svg+xml;base64,PD94bWwgdmVyc2lvbj0iMS4wIiBlbmNvZGluZz0idXRmLTgiPz4KPCEtLSBHZW5lcmF0b3I6IEFkb2JlIElsbHVzdHJhdG9yIDI0LjMuMCwgU1ZHIEV4cG9ydCBQbHVnLUluIC4gU1ZHIFZlcnNpb246IDYuMDAgQnVpbGQgMCkgIC0tPgo8c3ZnIHZlcnNpb249IjEuMSIgaWQ9IndvcmsiIHhtbG5zPSJodHRwOi8vd3d3LnczLm9yZy8yMDAwL3N2ZyIgeG1sbnM6eGxpbms9Imh0dHA6Ly93d3cudzMub3JnLzE5OTkveGxpbmsiIHg9IjBweCIgeT0iMHB4IgoJIHZpZXdCb3g9IjAgMCAyMTAgMjEwIiBzdHlsZT0iZW5hYmxlLWJhY2tncm91bmQ6bmV3IDAgMCAyMTAgMjEwOyIgeG1sOnNwYWNlPSJwcmVzZXJ2ZSI+CjxzdHlsZSB0eXBlPSJ0ZXh0L2NzcyI+Cgkuc3Qwe2ZpbGw6IzEwMkQ0Nzt9Cgkuc3Qxe2ZpbGw6bm9uZTt9Cgkuc3Qye2ZpbGw6IzAwQkVGNjt9Cjwvc3R5bGU+CjxnPgoJPGc+CgkJPHBhdGggY2xhc3M9InN0MCIgZD0iTTE4NC40LDYxLjNoLTQ2LjhjMC4yLDEuMSwwLjMsMi4zLDAuMywzLjVjMCwxLjItMC4xLDIuNC0wLjMsMy41aDQ2LjhWNjEuM3oiLz4KCQk8cGF0aCBjbGFzcz0ic3QwIiBkPSJNMTA2LjEsNjEuM0gyNS42djdoODAuNWMtMC4yLTEuMS0wLjMtMi4zLTAuMy0zLjVDMTA1LjgsNjMuNiwxMDUuOSw2Mi41LDEwNi4xLDYxLjN6Ii8+Cgk8L2c+Cgk8Zz4KCQk8cGF0aCBjbGFzcz0ic3QwIiBkPSJNMTg0LjQsMTAxLjVINzcuMWMwLjIsMS4xLDAuMywyLjMsMC4zLDMuNWMwLDEuMi0wLjEsMi40LTAuMywzLjVoMTA3LjNWMTAxLjV6Ii8+CgkJPHBhdGggY2xhc3M9InN0MCIgZD0iTTQ1LjcsMTAxLjVoLTIwdjdoMjBjLTAuMi0xLjEtMC4zLTIuMy0wLjMtMy41QzQ1LjMsMTAzLjgsNDUuNCwxMDIuNiw0NS43LDEwMS41eiIvPgoJPC9nPgoJPGc+CgkJPHBhdGggY2xhc3M9InN0MCIgZD0iTTEzNS44LDE0MS43SDI1LjZ2N2gxMTAuMmMtMC4yLTEuMS0wLjMtMi4zLTAuMy0zLjVDMTM1LjQsMTQ0LDEzNS42LDE0Mi44LDEzNS44LDE0MS43eiIvPgoJCTxwYXRoIGNsYXNzPSJzdDAiIGQ9Ik02MS40LDkzLjljNi4xLDAsMTEuMSw1LDExLjEsMTEuMXMtNSwxMS4xLTExLjEsMTEuMWMtNi4xLDAtMTEuMS01LTExLjEtMTEuMVM1NS4zLDkzLjksNjEuNCw5My45CgkJCSBNNjEuNCw4Ni45Yy0xMCwwLTE4LjEsOC4xLTE4LjEsMTguMWMwLDEwLDguMSwxOC4xLDE4LjEsMTguMWMxMCwwLDE4LjEtOC4xLDE4LjEtMTguMUM3OS41LDk1LDcxLjQsODYuOSw2MS40LDg2LjlMNjEuNCw4Ni45eiIKCQkJLz4KCQk8cGF0aCBjbGFzcz0ic3QwIiBkPSJNMTUxLjUsMTM0LjFjNi4xLDAsMTEuMSw1LDExLjEsMTEuMXMtNSwxMS4xLTExLjEsMTEuMXMtMTEuMS01LTExLjEtMTEuMVMxNDUuNCwxMzQuMSwxNTEuNSwxMzQuMQoJCQkgTTE1MS41LDEyNy4xYy0xMCwwLTE4LjEsOC4xLTE4LjEsMTguMWMwLDEwLDguMSwxOC4xLDE4LjEsMTguMWMxMCwwLDE4LjEtOC4xLDE4LjEtMTguMUMxNjkuNiwxMzUuMiwxNjEuNSwxMjcuMSwxNTEuNSwxMjcuMQoJCQlMMTUxLjUsMTI3LjF6Ii8+CgkJPHBhdGggY2xhc3M9InN0MCIgZD0iTTEzOS42LDYxLjNjLTEuNi04LjMtOC45LTE0LjYtMTcuNy0xNC42Yy04LjgsMC0xNi4xLDYuMy0xNy43LDE0LjZjLTAuMiwxLjEtMC4zLDIuMy0wLjMsMy41CgkJCWMwLDEuMiwwLjEsMi40LDAuMywzLjVjMS42LDguMyw4LjksMTQuNiwxNy43LDE0LjZzMTYuMS02LjMsMTcuNy0xNC42YzAuMi0xLjEsMC4zLTIuMywwLjMtMy41QzEzOS45LDYzLjYsMTM5LjgsNjIuNSwxMzkuNiw2MS4zCgkJCXogTTEyMS44LDc1LjljLTQuOSwwLTktMy4yLTEwLjUtNy42Yy0wLjQtMS4xLTAuNi0yLjMtMC42LTMuNWMwLTEuMiwwLjItMi40LDAuNi0zLjVjMS41LTQuNCw1LjYtNy42LDEwLjUtNy42CgkJCWM0LjksMCw5LDMuMiwxMC41LDcuNmMwLjQsMS4xLDAuNiwyLjMsMC42LDMuNWMwLDEuMi0wLjIsMi40LTAuNiwzLjVDMTMwLjksNzIuNywxMjYuNyw3NS45LDEyMS44LDc1Ljl6Ii8+CgkJPHBhdGggY2xhc3M9InN0MCIgZD0iTTE4NC40LDE0MS43aC0xNy4xYzAuMiwxLjEsMC4zLDIuMywwLjMsMy41YzAsMS4yLTAuMSwyLjQtMC4zLDMuNWgxNy4xVjE0MS43eiIvPgoJPC9nPgo8L2c+Cjwvc3ZnPgo=\" alt=\"Managed hosting\" class=\"\">Managed Hosting<\/div>\n            <div><img src=\"data:image\/svg+xml;base64,PD94bWwgdmVyc2lvbj0iMS4wIiBlbmNvZGluZz0idXRmLTgiPz4KPCEtLSBHZW5lcmF0b3I6IEFkb2JlIElsbHVzdHJhdG9yIDI0LjMuMCwgU1ZHIEV4cG9ydCBQbHVnLUluIC4gU1ZHIFZlcnNpb246IDYuMDAgQnVpbGQgMCkgIC0tPgo8c3ZnIHZlcnNpb249IjEuMSIgaWQ9IndvcmsiIHhtbG5zPSJodHRwOi8vd3d3LnczLm9yZy8yMDAwL3N2ZyIgeG1sbnM6eGxpbms9Imh0dHA6Ly93d3cudzMub3JnLzE5OTkveGxpbmsiIHg9IjBweCIgeT0iMHB4IgoJIHZpZXdCb3g9IjAgMCAyMTAgMjEwIiBzdHlsZT0iZW5hYmxlLWJhY2tncm91bmQ6bmV3IDAgMCAyMTAgMjEwOyIgeG1sOnNwYWNlPSJwcmVzZXJ2ZSI+CjxzdHlsZSB0eXBlPSJ0ZXh0L2NzcyI+Cgkuc3Qwe2ZpbGw6IzEwMkQ0Nzt9Cgkuc3Qxe2ZpbGw6bm9uZTt9Cgkuc3Qye2ZpbGw6IzAwQkVGNjt9Cjwvc3R5bGU+CjxnPgoJPHBhdGggY2xhc3M9InN0MCIgZD0iTTE2Mi4xLDYxLjNsLTAuNC0wLjVjLTMuMy00LjItOC4zLTYuNy0xMy43LTYuN2MtOS42LDAtMTcuNCw3LjgtMTcuNCwxNy40YzAsOS42LDcuOCwxNy40LDE3LjQsMTcuNHYtNwoJCWMtNS43LDAtMTAuNC00LjctMTAuNC0xMC40czQuNy0xMC40LDEwLjQtMTAuNGMzLjIsMCw2LjIsMS41LDguMiwzLjljMC4xLDAuMiwwLjMsMC4zLDAuNCwwLjVjMi4zLDIuOSw3LjYsOS43LTUuMSw0Ni42CgkJbC0xMC4yLDI4LjNMMTE4LDc1LjdoNS42di03SDg2LjF2N2g1LjZsMTMuOSwzOC41bC05LjUsMjYuM0w3Mi43LDc1LjdoNS42di03SDQwLjl2N2g1LjZsMzMuNyw5My41aDEzLjFsMTYuMS00NC43bDE2LjEsNDQuN2gxMy4xCgkJbDE5LjctNTQuN0MxNzIsNzQsMTY1LjYsNjUuOCwxNjIuMSw2MS4zeiBNODUsMTYyLjJMNTMuOSw3NS43aDExLjRsMjcuMSw3NS4xbC00LjEsMTEuNEg4NXogTTEzMC4zLDE2Mi4yTDk5LjEsNzUuN2gxMS40CgkJbDI3LjEsNzUuMWwtNC4xLDExLjRIMTMwLjN6Ii8+Cgk8cGF0aCBjbGFzcz0ic3QwIiBkPSJNMTA1LjQsMjYuOGM0My4xLDAsNzguMiwzNS4xLDc4LjIsNzguMmMwLDQzLjEtMzUuMSw3OC4yLTc4LjIsNzguMmMtNDMuMSwwLTc4LjItMzUuMS03OC4yLTc4LjIKCQlDMjcuMSw2MS45LDYyLjIsMjYuOCwxMDUuNCwyNi44IE0xMDUuNCwxOS44Yy00Ny4xLDAtODUuMiwzOC4yLTg1LjIsODUuMnMzOC4yLDg1LjIsODUuMiw4NS4yYzQ3LjEsMCw4NS4yLTM4LjIsODUuMi04NS4yCgkJUzE1Mi41LDE5LjgsMTA1LjQsMTkuOEwxMDUuNCwxOS44eiIvPgo8L2c+Cjwvc3ZnPgo=\" alt=\"Byggt f\u00f6r WordPress\" class=\"\">Byggt f\u00f6r WordPress<\/div>\n            <div><img src=\"data:image\/svg+xml;base64,PD94bWwgdmVyc2lvbj0iMS4wIiBlbmNvZGluZz0idXRmLTgiPz4KPCEtLSBHZW5lcmF0b3I6IEFkb2JlIElsbHVzdHJhdG9yIDI0LjMuMCwgU1ZHIEV4cG9ydCBQbHVnLUluIC4gU1ZHIFZlcnNpb246IDYuMDAgQnVpbGQgMCkgIC0tPgo8c3ZnIHZlcnNpb249IjEuMSIgaWQ9IndvcmsiIHhtbG5zPSJodHRwOi8vd3d3LnczLm9yZy8yMDAwL3N2ZyIgeG1sbnM6eGxpbms9Imh0dHA6Ly93d3cudzMub3JnLzE5OTkveGxpbmsiIHg9IjBweCIgeT0iMHB4IgoJIHZpZXdCb3g9IjAgMCAyMTAgMjEwIiBzdHlsZT0iZW5hYmxlLWJhY2tncm91bmQ6bmV3IDAgMCAyMTAgMjEwOyIgeG1sOnNwYWNlPSJwcmVzZXJ2ZSI+CjxzdHlsZSB0eXBlPSJ0ZXh0L2NzcyI+Cgkuc3Qwe2ZpbGw6IzEwMkQ0Nzt9Cgkuc3Qxe2ZpbGw6bm9uZTt9Cgkuc3Qye2ZpbGw6IzAwQkVGNjt9Cjwvc3R5bGU+CjxnPgoJPGc+CgkJPHBhdGggY2xhc3M9InN0MCIgZD0iTTIwMCwxMDdjMC0xOC45LTE1LTM0LjItMzMuOC0zNC43QzE2MC42LDQzLjYsMTM1LjMsMjIsMTA1LDIyYy0yNywwLTQ5LjksMTcuMS01OC43LDQxLjEKCQkJQzI2LDY0LjYsMTAsODEuNiwxMCwxMDIuNGMwLDYuOCwxLjcsMTMuMSw0LjcsMTguN2MxLjctMS43LDMuNi0zLjIsNS42LTQuNWMtMi4xLTQuMy0zLjMtOS4yLTMuMy0xNC4yYzAtMTYuOCwxMy4xLTMxLDI5LjktMzIuMwoJCQlsNC41LTAuM2wxLjUtNC4yQzYwLjksNDMuNyw4MS44LDI5LDEwNSwyOWMyNi40LDAsNDkuMiwxOC44LDU0LjMsNDQuNmwxLjEsNS41bDUuNiwwLjJjNy4zLDAuMiwxNCwzLjIsMTkuMSw4LjQKCQkJYzUuMSw1LjIsNy45LDEyLjEsNy45LDE5LjRjMCwxMC41LTUuOCwyMC0xNS4yLDI0LjhsLTQuMiwyLjFsMC40LDQuN2MwLjEsMS4yLDAuMSwyLjIsMC4xLDMuMmMwLDIxLjYtMTcuNiwzOS4yLTM5LjIsMzkuMgoJCQljLTkuMywwLTE4LjMtMy4zLTI1LjQtOS40bC0zLjMtMi44bC00LDEuN2MtNS4zLDIuMy0xMSwzLjUtMTYuOCwzLjVjLTQuNywwLTkuNC0wLjgtMTMuOC0yLjNjLTEuNSwyLTMuMywzLjktNS4yLDUuNQoJCQljNS44LDIuNCwxMi4yLDMuOCwxOC45LDMuOGM3LDAsMTMuNi0xLjQsMTkuNi00YzguMSw2LjksMTguNSwxMSwzMCwxMWMyNS41LDAsNDYuMi0yMC43LDQ2LjItNDYuMmMwLTEuMy0wLjEtMi41LTAuMi0zLjgKCQkJQzE5Mi4yLDEzMi4zLDIwMCwxMjAuNiwyMDAsMTA3eiIvPgoJPC9nPgoJPGc+CgkJPHBhdGggY2xhc3M9InN0MCIgZD0iTTgzLjMsODkuNWM1LjQsMCw5LjcsMi44LDEyLjEsNy45bDAuMSwwLjNoNy4zbC0wLjItMC43Yy0yLjctOC41LTEwLjMtMTQtMTkuNC0xNGMtMTEuOCwwLTIxLDkuMi0yMSwyMQoJCQlzOS4yLDIxLDIxLDIxYzkuMSwwLDE2LjctNS41LDE5LjQtMTRsMC4yLTAuN2gtNy4zbC0wLjEsMC4zYy0yLjQsNS4xLTYuNyw3LjktMTIuMSw3LjljLTgsMC0xNC02LjMtMTQtMTQuNlM3NS4zLDg5LjUsODMuMyw4OS41egoJCQkiLz4KCQk8cGF0aCBjbGFzcz0ic3QwIiBkPSJNMTI2LjUsODNjLTEyLDAtMjEuMyw5LjItMjEuMywyMXM5LjQsMjEsMjEuMywyMXMyMS4zLTkuMiwyMS4zLTIxUzEzOC40LDgzLDEyNi41LDgzeiBNMTQwLjgsMTA0CgkJCWMwLDguMi02LjMsMTQuNi0xNC4zLDE0LjZzLTE0LjMtNi40LTE0LjMtMTQuNnM2LjMtMTQuNiwxNC4zLTE0LjZTMTQwLjgsOTUuOSwxNDAuOCwxMDR6Ii8+CgkJPHBhdGggY2xhc3M9InN0MCIgZD0iTTE0OS45LDEzMC4zbDMuMy0yLjZjMy4zLTIuNSw1LjQtNC40LDUuNC03LjZjMC0zLjMtMi43LTUuNS02LjgtNS41Yy00LjEsMC03LjIsMi42LTcuNSw2LjNsMCwwLjVoMy42CgkJCWwwLjEtMC40YzAuMy0yLjEsMS42LTMuMSwzLjktMy4xYzEuOSwwLDMuMiwxLDMuMiwyLjRjMCwxLjYtMS4xLDIuOC0yLjksNC4ybC04LDYuMmwwLjEsMi45aDE0LjZ2LTMuNEgxNDkuOXoiLz4KCTwvZz4KCTxwYXRoIGNsYXNzPSJzdDAiIGQ9Ik00MS4yLDExNy4zYy0xNy4yLDAtMzEuMiwxNC0zMS4yLDMxLjJzMTQsMzEuMiwzMS4yLDMxLjJjMTcuMiwwLDMxLjItMTQsMzEuMi0zMS4yUzU4LjUsMTE3LjMsNDEuMiwxMTcuM3oKCQkgTTQxLjIsMTI0LjNjNS40LDAsMTAuNCwxLjgsMTQuNSw0LjhMMjEuOCwxNjNjLTMtNC00LjgtOS4xLTQuOC0xNC41QzE3LDEzNS4yLDI3LjksMTI0LjMsNDEuMiwxMjQuM3ogTTQxLjIsMTcyLjcKCQljLTUuNCwwLTEwLjQtMS44LTE0LjUtNC44TDYwLjYsMTM0YzMsNCw0LjgsOS4xLDQuOCwxNC41QzY1LjUsMTYxLjksNTQuNiwxNzIuNyw0MS4yLDE3Mi43eiIvPgo8L2c+Cjwvc3ZnPgo=\" alt=\"Koldioxidneutral\" class=\"\">Koldioxid-neutral<\/div>\n          <\/div>\n        <\/div>\n\n\n        <\/div>\n    <\/section>\n\n<style>\n    body {\n        background-color: #e3f8f3;\n    }\n<\/style>\n","protected":false},"excerpt":{"rendered":"","protected":false},"author":1,"featured_media":0,"parent":0,"menu_order":0,"comment_status":"closed","ping_status":"closed","template":"page-campaign-sv.php","meta":[],"acf":[],"_links":{"self":[{"href":"https:\/\/templ.io\/sv\/wp-json\/wp\/v2\/pages\/12971"}],"collection":[{"href":"https:\/\/templ.io\/sv\/wp-json\/wp\/v2\/pages"}],"about":[{"href":"https:\/\/templ.io\/sv\/wp-json\/wp\/v2\/types\/page"}],"author":[{"embeddable":true,"href":"https:\/\/templ.io\/sv\/wp-json\/wp\/v2\/users\/1"}],"replies":[{"embeddable":true,"href":"https:\/\/templ.io\/sv\/wp-json\/wp\/v2\/comments?post=12971"}],"version-history":[{"count":2,"href":"https:\/\/templ.io\/sv\/wp-json\/wp\/v2\/pages\/12971\/revisions"}],"predecessor-version":[{"id":44634,"href":"https:\/\/templ.io\/sv\/wp-json\/wp\/v2\/pages\/12971\/revisions\/44634"}],"wp:attachment":[{"href":"https:\/\/templ.io\/sv\/wp-json\/wp\/v2\/media?parent=12971"}],"curies":[{"name":"wp","href":"https:\/\/api.w.org\/{rel}","templated":true}]}}