{"id":36326,"date":"2020-09-16T10:16:32","date_gmt":"2020-09-16T08:16:32","guid":{"rendered":"https:\/\/templ.io\/?page_id=36326"},"modified":"2026-03-19T08:33:49","modified_gmt":"2026-03-19T07:33:49","slug":"priskalkylator","status":"publish","type":"page","link":"https:\/\/templ.io\/sv\/priskalkylator\/","title":{"rendered":"Pricing calculator"},"content":{"rendered":"\n<section class=\"templ-section price-calculator container\">\n\n<section>\n<div class=\"container mb-5 text-center templ-cta ani-up\">\n<div id=\"custom-ani\" class=\"cta-image\"><\/div>\n<h3>Priskalkylator<\/h3>\n<p>R\u00e4kna p\u00e5 priset f\u00f6r en skr\u00e4ddarsydd plan.<\/p>\n<\/div>\n<\/section>\n\n<div class=\"ani-up\">\n<div class=\"row\">\n<div class=\"col-lg-4 d-flex align-items-center text-center spec cpu\">\n<div class=\"calc-box col-12\"><span class=\"label\">CPU cores:<\/span><input id=\"cpu\" class=\"custom-range form-range\" max=\"8\" min=\"1\" step=\"1\" type=\"range\" value=\"2\"><input id=\"cpu-amount\" class=\"form-control\" type=\"number\" value=\"\"><\/div>\n<\/div>\n<div class=\"col-lg-4 d-flex align-items-center text-center spec ram\">\n<div class=\"calc-box col-12\"><span class=\"label\">GB RAM:<\/span><input id=\"ram\" class=\"custom-range form-range\" max=\"32\" min=\"1\" step=\"0.25\" type=\"range\" value=\"2\"><input id=\"ram-amount\" class=\"form-control\" type=\"number\" value=\"\"><\/div>\n<\/div>\n<div class=\"col-lg-4 d-flex align-items-center text-center spec storage\">\n<div class=\"calc-box col-12\"><span class=\"label\">GB SSD lagringsutrymme:<\/span><input id=\"storage\" class=\"custom-range form-range\" max=\"200\" min=\"10\" step=\"10\" type=\"range\" value=\"20\"><input id=\"storage-amount\" class=\"form-control\" type=\"number\" value=\"\"><\/div>\n<\/div>\n<\/div>\n\n<div class=\"row text-center\">\n<div class=\"col-12 price-total\">\n<div class=\"total\"><span id=\"total-sek\">0.0<\/span> SEK\/m\u00e5nad<\/div>\n<p>Priser exklusive moms. <span id=\"included-bw\">10<\/span>GB bandbredd ing\u00e5r. Vid \u00f6verskridelse tas en avgift ut p\u00e5 1,75 SEK\/GB.<\/p>\n<\/div>\n\n<\/div>\n\n\n<div class=\"cta-big pricing-bottom-cta\">\n<div class=\"container\">\n<div class=\"row d-flex align-items-center text-center\">\n<div class=\"col-12\"><a id=\"intercom-launcher\" class=\"btn btn-primary\" role=\"button\" href=\"#\">Kontakta oss f\u00f6r att komma ig\u00e5ng<\/a><\/div>\n<\/div>\n<\/div>\n<\/div>\n<\/div>\n<\/section>\n","protected":false},"excerpt":{"rendered":"<p>Priskalkylator R\u00e4kna p\u00e5 priset f\u00f6r en skr\u00e4ddarsydd plan. CPU cores: GB RAM: GB SSD lagringsutrymme: 0.0 SEK\/m\u00e5nad Priser exklusive moms. 10GB bandbredd ing\u00e5r. Vid \u00f6verskridelse tas en avgift ut p\u00e5 1,75 SEK\/GB. Kontakta oss f\u00f6r att komma ig\u00e5ng<\/p>\n","protected":false},"author":9,"featured_media":0,"parent":0,"menu_order":0,"comment_status":"closed","ping_status":"closed","template":"","meta":[],"acf":[],"_links":{"self":[{"href":"https:\/\/templ.io\/sv\/wp-json\/wp\/v2\/pages\/36326"}],"collection":[{"href":"https:\/\/templ.io\/sv\/wp-json\/wp\/v2\/pages"}],"about":[{"href":"https:\/\/templ.io\/sv\/wp-json\/wp\/v2\/types\/page"}],"author":[{"embeddable":true,"href":"https:\/\/templ.io\/sv\/wp-json\/wp\/v2\/users\/9"}],"replies":[{"embeddable":true,"href":"https:\/\/templ.io\/sv\/wp-json\/wp\/v2\/comments?post=36326"}],"version-history":[{"count":8,"href":"https:\/\/templ.io\/sv\/wp-json\/wp\/v2\/pages\/36326\/revisions"}],"predecessor-version":[{"id":147862,"href":"https:\/\/templ.io\/sv\/wp-json\/wp\/v2\/pages\/36326\/revisions\/147862"}],"wp:attachment":[{"href":"https:\/\/templ.io\/sv\/wp-json\/wp\/v2\/media?parent=36326"}],"curies":[{"name":"wp","href":"https:\/\/api.w.org\/{rel}","templated":true}]}}