{"id":4863,"date":"2018-07-29T07:51:05","date_gmt":"2018-07-29T05:51:05","guid":{"rendered":"https:\/\/templ.io\/?page_id=4863"},"modified":"2024-04-02T09:12:52","modified_gmt":"2024-04-02T07:12:52","slug":"support","status":"publish","type":"page","link":"https:\/\/templ.io\/sv\/support\/","title":{"rendered":"Kontakta oss"},"content":{"rendered":"\n<section class=\"templ-section support-header text-center\">\n<div class=\"container\">\n<div class=\"col-md-6 offset-md-3\">\n<div id=\"services-ani\" class=\"cta-image\">&nbsp;<\/div>\n<\/div>\n<h3 class=\"mt-4 col-md-6 offset-md-3\">Vi \u00e4r h\u00e4r f\u00f6r att hj\u00e4lpa till. Kontakta oss n\u00e4r som helst via email eller chatt, eller l\u00e5t Templ ringa upp.<\/h3>\n<div class=\"row\">&nbsp;<\/div>\n<div class=\"row justify-content-around d-flex align-items-center mt-5\">\n<div class=\"col-md-3 bg-light rounded p-4 mt-4 mt-md-0\">\n<h4>Chatta med oss<\/h4>\n<a id=\"intercom-launcher\" href=\"#\">\u00d6ppna chatten!<\/a>\n<\/div>\n<div class=\"col-md-3 bg-light rounded p-4 mt-4 mt-md-0\">\n<h4>Skicka e-post<\/h4>\n<a href=\"mailto:support(at)templ(dot)io\">support(at)templ(dot)io<\/a>\n<\/div>\n<div class=\"col-md-3 bg-light rounded p-4 mt-4 mt-md-0\">\n<h4>Templ ringer upp<\/h4>\n<a href=\"#callback\" class=\"btn btn-outline-primary\">Bli uppringd!<\/a>\n<\/div>\n<\/div>\n<\/div>\n<\/section>\n","protected":false},"excerpt":{"rendered":"<p>&nbsp; Vi \u00e4r h\u00e4r f\u00f6r att hj\u00e4lpa till. Kontakta oss n\u00e4r som helst via email eller chatt, eller l\u00e5t Templ ringa upp. &nbsp; Chatta med oss \u00d6ppna chatten! Skicka e-post support(at)templ(dot)io Templ ringer upp Bli uppringd!<\/p>\n","protected":false},"author":7,"featured_media":0,"parent":0,"menu_order":0,"comment_status":"closed","ping_status":"closed","template":"","meta":[],"acf":[],"_links":{"self":[{"href":"https:\/\/templ.io\/sv\/wp-json\/wp\/v2\/pages\/4863"}],"collection":[{"href":"https:\/\/templ.io\/sv\/wp-json\/wp\/v2\/pages"}],"about":[{"href":"https:\/\/templ.io\/sv\/wp-json\/wp\/v2\/types\/page"}],"author":[{"embeddable":true,"href":"https:\/\/templ.io\/sv\/wp-json\/wp\/v2\/users\/7"}],"replies":[{"embeddable":true,"href":"https:\/\/templ.io\/sv\/wp-json\/wp\/v2\/comments?post=4863"}],"version-history":[{"count":4,"href":"https:\/\/templ.io\/sv\/wp-json\/wp\/v2\/pages\/4863\/revisions"}],"predecessor-version":[{"id":93185,"href":"https:\/\/templ.io\/sv\/wp-json\/wp\/v2\/pages\/4863\/revisions\/93185"}],"wp:attachment":[{"href":"https:\/\/templ.io\/sv\/wp-json\/wp\/v2\/media?parent=4863"}],"curies":[{"name":"wp","href":"https:\/\/api.w.org\/{rel}","templated":true}]}}