{"id":4899,"date":"2018-07-30T14:37:33","date_gmt":"2018-07-30T12:37:33","guid":{"rendered":"https:\/\/templ.io\/?page_id=4899"},"modified":"2024-09-11T09:32:04","modified_gmt":"2024-09-11T07:32:04","slug":"villkor","status":"publish","type":"page","link":"https:\/\/templ.io\/sv\/villkor\/","title":{"rendered":"Villkor"},"content":{"rendered":"\n<section class=\"templ-section\">\n    <div class=\"container intro-boxes-header\">\n        <h1 class=\"mt-5\">V\u00e5ra Villkor<\/h1>\n        <p class=\"p-5 text-center\">Tack f\u00f6r att du tar dig tid att l\u00e4ra dig mer om Templ och v\u00e5ra anv\u00e4ndarvillkor. H\u00e4r hittar du information om hur vi skyddar din integritet, vad du kan och inte kan g\u00f6ra med Templ, samt hur vi hanterar anv\u00e4ndarkonton.<\/p>\n    <\/div>\n\t<div class=\"container intro-boxes\">\n\t\t<div class=\"intro-box\">\n\t\t\t<h5>Anv\u00e4ndarvillkor<\/h5>\n\t\t\t<p>Huvudavtalet du ing\u00e5r i f\u00f6r att kunna anv\u00e4nda Templ.<\/p>\n\t\t\t<a href=\"..\/villkor\/anvandarvillkor\/\" class=\"btn btn-outline-primary\" role=\"button\">Anv\u00e4ndarvillkor<\/a>\n\t\t<\/div>\n\t\t<div class=\"intro-box\">\n\t\t\t<h5>Integritetspolicy<\/h5>\n\t\t\t<p>Vad vi g\u00f6r (och inte g\u00f6r) med dina personuppgifter.<\/p>\n\t\t\t<a href=\"..\/villkor\/integritetspolicy\/\" class=\"btn btn-outline-primary\" role=\"button\">Integritetspolicy<\/a>\n\t\t<\/div>\n\t\t\n        <div class=\"intro-box\">\n\t\t\t<h5>Cookie-inst\u00e4llningar<\/h5>\n\t\t\t<p>Hantera dina cookie-inst\u00e4llningar och v\u00e4lj vilka cookies du accepterar.<\/p>\n\t\t\t<a href=\"#\" id=\"cookie-settings-link\" class=\"btn btn-outline-primary\" role=\"button\">Cookie-inst\u00e4llningar<\/a>\n\t\t<\/div>\n\n<div class=\"intro-box\">\n\t\t\t<h5>Dom\u00e4nnamn<\/h5>\n\t\t\t<p>ICANN &#8211; <a href=\"https:\/\/www.icann.org\/resources\/pages\/educational-2012-02-25-en\">Utbildningsresurser f\u00f6r den som registrerar dom\u00e4nnamn<\/a><\/p>\n<p>ICANN &#8211; <a href=\"https:\/\/www.icann.org\/resources\/pages\/benefits-2013-09-16-en\">R\u00e4ttigheter och ansvar f\u00f6r den som registrerar dom\u00e4namn<\/a><\/p>\n\t\t<\/div>\n\n<div class=\"intro-box\">\n\t\t\t<h5>Personuppgiftsbitr\u00e4desavtal (PUBA\/DPA)<\/h5>\n\t\t\t<p>Hur vi hanterar dina data p\u00e5 ett s\u00e4kert s\u00e4tt.<\/p>\n\t\t\t<a href=\"https:\/\/templ.io\/app\/uploads\/2024\/08\/Templ_PUBA-sv.pdf\" class=\"btn btn-outline-primary\" role=\"button\">PUBA\/DPA<\/a>\n\t\t<\/div>\n\t<\/div>\n<\/section>\n","protected":false},"excerpt":{"rendered":"<p>V\u00e5ra Villkor Tack f\u00f6r att du tar dig tid att l\u00e4ra dig mer om Templ och v\u00e5ra anv\u00e4ndarvillkor. H\u00e4r hittar du information om hur vi skyddar din integritet, vad du kan och inte kan g\u00f6ra med Templ, samt hur vi hanterar anv\u00e4ndarkonton. Anv\u00e4ndarvillkor Huvudavtalet du ing\u00e5r i f\u00f6r att kunna anv\u00e4nda Templ. Anv\u00e4ndarvillkor Integritetspolicy Vad [&hellip;]<\/p>\n","protected":false},"author":1,"featured_media":0,"parent":0,"menu_order":0,"comment_status":"closed","ping_status":"closed","template":"","meta":[],"acf":[],"_links":{"self":[{"href":"https:\/\/templ.io\/sv\/wp-json\/wp\/v2\/pages\/4899"}],"collection":[{"href":"https:\/\/templ.io\/sv\/wp-json\/wp\/v2\/pages"}],"about":[{"href":"https:\/\/templ.io\/sv\/wp-json\/wp\/v2\/types\/page"}],"author":[{"embeddable":true,"href":"https:\/\/templ.io\/sv\/wp-json\/wp\/v2\/users\/1"}],"replies":[{"embeddable":true,"href":"https:\/\/templ.io\/sv\/wp-json\/wp\/v2\/comments?post=4899"}],"version-history":[{"count":11,"href":"https:\/\/templ.io\/sv\/wp-json\/wp\/v2\/pages\/4899\/revisions"}],"predecessor-version":[{"id":104481,"href":"https:\/\/templ.io\/sv\/wp-json\/wp\/v2\/pages\/4899\/revisions\/104481"}],"wp:attachment":[{"href":"https:\/\/templ.io\/sv\/wp-json\/wp\/v2\/media?parent=4899"}],"curies":[{"name":"wp","href":"https:\/\/api.w.org\/{rel}","templated":true}]}}