{"id":49657,"date":"2022-01-14T09:15:30","date_gmt":"2022-01-14T08:15:30","guid":{"rendered":"https:\/\/templ.io\/?page_id=49657"},"modified":"2023-11-17T09:52:32","modified_gmt":"2023-11-17T08:52:32","slug":"hastighet","status":"publish","type":"page","link":"https:\/\/templ.io\/sv\/hastighet\/","title":{"rendered":"Hastighet"},"content":{"rendered":"\n<section id=\"hero-block_61e12f546b0cc\" class=\"templ-section hero-block full-height animate-background\">\n        <div class=\"container\">\n            \n\n<div class=\"row pb-4 align-items-center\">\n          <div class=\"col-lg-5\">\n            <h1 class=\"ani-up-hero\">F\u00e5 en snabbare WordPress-sajt<\/h1>\n            <p class=\"mb-4 ani-up-hero\">Genom att placera din hemsida i en isolerad milj\u00f6 med skalbara resurser p\u00e5 v\u00e4rldens snabbaste plattform &#8211; Google Cloud &#8211; kombinerat med serverbaserad cache, bildoptimering, Google Cloud CDN, och en tech-stack optimerad f\u00f6r WordPress, kan den n\u00e5 sin fulla potential och alltid leverera p\u00e5 topp.\n<\/p>\n           \n            \n          <\/div>\n          <div id=\"hero-speed-ani\" class=\"ani-up-hero col-lg-7 mt-3 mt-lg-0\"><\/div>\n        <\/div>\n\n\n        <\/div>\n    <\/section>\n\n<style>\n    body {\n        background-color: #fadcdc;\n    }\n<\/style>\n","protected":false},"excerpt":{"rendered":"","protected":false},"author":9,"featured_media":0,"parent":0,"menu_order":0,"comment_status":"closed","ping_status":"closed","template":"page-speed-sv.php","meta":[],"acf":[],"_links":{"self":[{"href":"https:\/\/templ.io\/sv\/wp-json\/wp\/v2\/pages\/49657"}],"collection":[{"href":"https:\/\/templ.io\/sv\/wp-json\/wp\/v2\/pages"}],"about":[{"href":"https:\/\/templ.io\/sv\/wp-json\/wp\/v2\/types\/page"}],"author":[{"embeddable":true,"href":"https:\/\/templ.io\/sv\/wp-json\/wp\/v2\/users\/9"}],"replies":[{"embeddable":true,"href":"https:\/\/templ.io\/sv\/wp-json\/wp\/v2\/comments?post=49657"}],"version-history":[{"count":7,"href":"https:\/\/templ.io\/sv\/wp-json\/wp\/v2\/pages\/49657\/revisions"}],"predecessor-version":[{"id":83763,"href":"https:\/\/templ.io\/sv\/wp-json\/wp\/v2\/pages\/49657\/revisions\/83763"}],"wp:attachment":[{"href":"https:\/\/templ.io\/sv\/wp-json\/wp\/v2\/media?parent=49657"}],"curies":[{"name":"wp","href":"https:\/\/api.w.org\/{rel}","templated":true}]}}