{"id":49661,"date":"2022-01-14T09:21:09","date_gmt":"2022-01-14T08:21:09","guid":{"rendered":"https:\/\/templ.io\/?page_id=49661"},"modified":"2023-05-16T10:25:13","modified_gmt":"2023-05-16T08:25:13","slug":"sakerhet","status":"publish","type":"page","link":"https:\/\/templ.io\/sv\/sakerhet\/","title":{"rendered":"S\u00e4kerhet"},"content":{"rendered":"\n<section id=\"hero-block_61e13211f899e\" class=\"templ-section hero-block full-height animate-background\">\n        <div class=\"container\">\n            \n\n<div class=\"row pb-4 align-items-center\">\n          <div class=\"col-lg-5\">\n            <h1 class=\"ani-up-hero\">S\u00e4kerheten f\u00f6rst.<\/h1>\n            <p class=\"mb-4 ani-up-hero\">V\u00e5ra brandv\u00e4ggar och servrar \u00e4r konfigurerade och finkalibrerade f\u00f6r optimal och s\u00e4ker leverans av WordPress-sajter. Din hemsida \u00f6vervakas 24\/7 och \u00e4r placerad i en isolerad milj\u00f6 p\u00e5 den sannolikt s\u00e4kraste molninfrastrukturen i v\u00e4rlden &#8211;  Google Cloud.\n<\/p>\n           \n            \n          <\/div>\n          <div id=\"hero-security-ani\" class=\"ani-up-hero col-lg-7 mt-3 mt-lg-0\"><\/div>\n        <\/div>\n\n\n        <\/div>\n    <\/section>\n\n<style>\n    body {\n        background-color: #fdf0df;\n    }\n<\/style>\n","protected":false},"excerpt":{"rendered":"","protected":false},"author":9,"featured_media":0,"parent":0,"menu_order":0,"comment_status":"closed","ping_status":"closed","template":"page-security-sv.php","meta":[],"acf":[],"_links":{"self":[{"href":"https:\/\/templ.io\/sv\/wp-json\/wp\/v2\/pages\/49661"}],"collection":[{"href":"https:\/\/templ.io\/sv\/wp-json\/wp\/v2\/pages"}],"about":[{"href":"https:\/\/templ.io\/sv\/wp-json\/wp\/v2\/types\/page"}],"author":[{"embeddable":true,"href":"https:\/\/templ.io\/sv\/wp-json\/wp\/v2\/users\/9"}],"replies":[{"embeddable":true,"href":"https:\/\/templ.io\/sv\/wp-json\/wp\/v2\/comments?post=49661"}],"version-history":[{"count":4,"href":"https:\/\/templ.io\/sv\/wp-json\/wp\/v2\/pages\/49661\/revisions"}],"predecessor-version":[{"id":72804,"href":"https:\/\/templ.io\/sv\/wp-json\/wp\/v2\/pages\/49661\/revisions\/72804"}],"wp:attachment":[{"href":"https:\/\/templ.io\/sv\/wp-json\/wp\/v2\/media?parent=49661"}],"curies":[{"name":"wp","href":"https:\/\/api.w.org\/{rel}","templated":true}]}}