{"id":49665,"date":"2022-01-14T09:27:34","date_gmt":"2022-01-14T08:27:34","guid":{"rendered":"https:\/\/templ.io\/?page_id=49665"},"modified":"2023-05-16T10:30:01","modified_gmt":"2023-05-16T08:30:01","slug":"support-features","status":"publish","type":"page","link":"https:\/\/templ.io\/sv\/support-features\/","title":{"rendered":"Support features"},"content":{"rendered":"\n<section id=\"hero-block_61e133a22d88c\" class=\"templ-section hero-block full-height animate-background\">\n        <div class=\"container\">\n            \n\n<div class=\"row pb-4 align-items-center\">\n          <div class=\"col-lg-5\">\n            <h1 class=\"ani-up-hero\">F\u00e5 hj\u00e4lp med allt som r\u00f6r WordPress<\/h1>\n            <p class=\"mb-4 ani-up-hero\">Vi grejar s\u00e5nt som ett vanligt webbhotell inte g\u00f6r. Uppdateringar, fels\u00f6kning, uptime-\u00f6vervakning, kod\u00e4ndringar, borttagning av malware &#8211; vi fixar rubbet.\n<\/p>\n           \n            \n          <\/div>\n          <div id=\"hero-support-ani\" class=\"ani-up-hero col-lg-7 mt-3 mt-lg-0\"><\/div>\n        <\/div>\n\n\n        <\/div>\n    <\/section>\n\n<style>\n    body {\n        background-color: #e3f8f3;\n    }\n<\/style>\n","protected":false},"excerpt":{"rendered":"","protected":false},"author":9,"featured_media":0,"parent":0,"menu_order":0,"comment_status":"closed","ping_status":"closed","template":"page-support-features-sv.php","meta":[],"acf":[],"_links":{"self":[{"href":"https:\/\/templ.io\/sv\/wp-json\/wp\/v2\/pages\/49665"}],"collection":[{"href":"https:\/\/templ.io\/sv\/wp-json\/wp\/v2\/pages"}],"about":[{"href":"https:\/\/templ.io\/sv\/wp-json\/wp\/v2\/types\/page"}],"author":[{"embeddable":true,"href":"https:\/\/templ.io\/sv\/wp-json\/wp\/v2\/users\/9"}],"replies":[{"embeddable":true,"href":"https:\/\/templ.io\/sv\/wp-json\/wp\/v2\/comments?post=49665"}],"version-history":[{"count":5,"href":"https:\/\/templ.io\/sv\/wp-json\/wp\/v2\/pages\/49665\/revisions"}],"predecessor-version":[{"id":72806,"href":"https:\/\/templ.io\/sv\/wp-json\/wp\/v2\/pages\/49665\/revisions\/72806"}],"wp:attachment":[{"href":"https:\/\/templ.io\/sv\/wp-json\/wp\/v2\/media?parent=49665"}],"curies":[{"name":"wp","href":"https:\/\/api.w.org\/{rel}","templated":true}]}}