{"id":49669,"date":"2022-01-14T09:30:31","date_gmt":"2022-01-14T08:30:31","guid":{"rendered":"https:\/\/templ.io\/?page_id=49669"},"modified":"2023-05-16T10:32:39","modified_gmt":"2023-05-16T08:32:39","slug":"utveckling","status":"publish","type":"page","link":"https:\/\/templ.io\/sv\/utveckling\/","title":{"rendered":"Utveckling"},"content":{"rendered":"\n<section id=\"hero-block_61e1345a87c8e\" class=\"templ-section hero-block full-height animate-background\">\n        <div class=\"container\">\n            \n\n<div class=\"row pb-4 align-items-center\">\n          <div class=\"col-lg-5\">\n            <h1 class=\"ani-up-hero\">Maximera din produktivitet<\/h1>\n            <p class=\"mb-4 ani-up-hero\">Verktyg och tj\u00e4nster designade att effektivisera ditt arbetsfl\u00f6de och g\u00f6ra livet som WordPress-utvecklare lite enklare.\n<\/p>\n           \n            \n          <\/div>\n          <div id=\"hero-development-ani\" class=\"ani-up-hero col-lg-7 mt-3 mt-lg-0\"><\/div>\n        <\/div>\n\n\n        <\/div>\n    <\/section>\n\n<style>\n    body {\n        background-color: #d3f4fd;\n    }\n<\/style>\n","protected":false},"excerpt":{"rendered":"","protected":false},"author":9,"featured_media":0,"parent":0,"menu_order":0,"comment_status":"closed","ping_status":"closed","template":"page-development-sv.php","meta":[],"acf":[],"_links":{"self":[{"href":"https:\/\/templ.io\/sv\/wp-json\/wp\/v2\/pages\/49669"}],"collection":[{"href":"https:\/\/templ.io\/sv\/wp-json\/wp\/v2\/pages"}],"about":[{"href":"https:\/\/templ.io\/sv\/wp-json\/wp\/v2\/types\/page"}],"author":[{"embeddable":true,"href":"https:\/\/templ.io\/sv\/wp-json\/wp\/v2\/users\/9"}],"replies":[{"embeddable":true,"href":"https:\/\/templ.io\/sv\/wp-json\/wp\/v2\/comments?post=49669"}],"version-history":[{"count":4,"href":"https:\/\/templ.io\/sv\/wp-json\/wp\/v2\/pages\/49669\/revisions"}],"predecessor-version":[{"id":72807,"href":"https:\/\/templ.io\/sv\/wp-json\/wp\/v2\/pages\/49669\/revisions\/72807"}],"wp:attachment":[{"href":"https:\/\/templ.io\/sv\/wp-json\/wp\/v2\/media?parent=49669"}],"curies":[{"name":"wp","href":"https:\/\/api.w.org\/{rel}","templated":true}]}}