{"id":52432,"date":"2022-03-25T14:37:33","date_gmt":"2022-03-25T13:37:33","guid":{"rendered":"https:\/\/templ.io\/?page_id=52432"},"modified":"2023-05-17T10:14:09","modified_gmt":"2023-05-17T08:14:09","slug":"koldioxidneutralitet","status":"publish","type":"page","link":"https:\/\/templ.io\/sv\/koldioxidneutralitet\/","title":{"rendered":"Koldioxidneutralitet"},"content":{"rendered":"\n<section id=\"hero-block_623dc544b48b1\" class=\"templ-section hero-block full-height animate-background\">\n        <div class=\"container\">\n            \n\n<div class=\"row pb-4 align-items-center\">\n          <div class=\"col-lg-5\">\n            <p class=\"ani-up-hero intro-title\">Templ &amp; koldioxidneutralitet<\/p>\n            <h1 class=\"ani-up-hero\">Minska ditt koldioxidavtryck<\/h1>\n            <p class=\"mb-4 ani-up-hero\">Sajter och appar du placerar hos Templ genererar noll nettoutsl\u00e4pp av koldioxid. V\u00e5r tj\u00e4nst \u00e4r byggd p\u00e5 Google Cloud, vars datacenters koldioxidutsl\u00e4pp kompenseras genom uppk\u00f6p av s.k. RECS-certifikat (Renewable Energy Certificate System).\n<\/p>\n           \n            \n          <\/div>\n<div id=\"sustainability-ani\" class=\"ani-up-hero col-lg-7 mt-3 mt-lg-0\"><\/div>\n        <\/div>\n\n\n        <\/div>\n    <\/section>\n\n<style>\n    body {\n        background-color: #e3f8f3;\n    }\n<\/style>\n","protected":false},"excerpt":{"rendered":"","protected":false},"author":9,"featured_media":0,"parent":0,"menu_order":0,"comment_status":"closed","ping_status":"closed","template":"page-sustainability-sv.php","meta":[],"acf":[],"_links":{"self":[{"href":"https:\/\/templ.io\/sv\/wp-json\/wp\/v2\/pages\/52432"}],"collection":[{"href":"https:\/\/templ.io\/sv\/wp-json\/wp\/v2\/pages"}],"about":[{"href":"https:\/\/templ.io\/sv\/wp-json\/wp\/v2\/types\/page"}],"author":[{"embeddable":true,"href":"https:\/\/templ.io\/sv\/wp-json\/wp\/v2\/users\/9"}],"replies":[{"embeddable":true,"href":"https:\/\/templ.io\/sv\/wp-json\/wp\/v2\/comments?post=52432"}],"version-history":[{"count":2,"href":"https:\/\/templ.io\/sv\/wp-json\/wp\/v2\/pages\/52432\/revisions"}],"predecessor-version":[{"id":52434,"href":"https:\/\/templ.io\/sv\/wp-json\/wp\/v2\/pages\/52432\/revisions\/52434"}],"wp:attachment":[{"href":"https:\/\/templ.io\/sv\/wp-json\/wp\/v2\/media?parent=52432"}],"curies":[{"name":"wp","href":"https:\/\/api.w.org\/{rel}","templated":true}]}}