{"id":5871,"date":"2019-01-10T06:46:34","date_gmt":"2019-01-10T05:46:34","guid":{"rendered":"https:\/\/templ.io\/?page_id=5871"},"modified":"2025-03-07T09:15:07","modified_gmt":"2025-03-07T08:15:07","slug":"bli-affiliate","status":"publish","type":"page","link":"https:\/\/templ.io\/sv\/bli-affiliate\/","title":{"rendered":"Bli Affiliate"},"content":{"rendered":"\n<section id=\"hero-block_6133ea9373299\" class=\"templ-section hero-block full-height animate-background\">\n        <div class=\"container\">\n            \n\n<div class=\"row pb-4 align-items-center\">\n          <div class=\"col-lg-5\">\n            <h1 class=\"ani-up-hero\">Bli Templ affiliate och tj\u00e4na obegr\u00e4nsat med provision<\/h1>\n            <p class=\"mb-4 ani-up-hero\">Samarbeta med oss f\u00f6r \u00e5terkommande provision och gener\u00f6s bonus f\u00f6r varje ny signup. En verklig m\u00f6jlighet till en stabil passiv inkomst.\n\n<\/p>\n            <a class=\"btn btn-primary me-1 ani-up-hero\" role=\"button\" href=\"https:\/\/templ.io\/affiliate-area\/registration\/\">Kom ig\u00e5ng<\/a>\n            <a class=\"btn btn-outline-primary ani-up-hero\" role=\"button\" href=\"#\" id=\"intercom-launcher\">Chatta med oss<\/a>\n          <\/div>\n          <div id=\"hero-affiliate-ani\" class=\"ani-up-hero col-lg-7 mt-3 mt-lg-0\"><\/div>\n        <\/div>\n\n\n        <\/div>\n    <\/section>\n\n<style>\n    body {\n        background-color: #fdf0df;\n    }\n<\/style>\n","protected":false},"excerpt":{"rendered":"","protected":false},"author":1,"featured_media":0,"parent":0,"menu_order":0,"comment_status":"closed","ping_status":"closed","template":"page-become-affiliate-sv.php","meta":[],"acf":[],"_links":{"self":[{"href":"https:\/\/templ.io\/sv\/wp-json\/wp\/v2\/pages\/5871"}],"collection":[{"href":"https:\/\/templ.io\/sv\/wp-json\/wp\/v2\/pages"}],"about":[{"href":"https:\/\/templ.io\/sv\/wp-json\/wp\/v2\/types\/page"}],"author":[{"embeddable":true,"href":"https:\/\/templ.io\/sv\/wp-json\/wp\/v2\/users\/1"}],"replies":[{"embeddable":true,"href":"https:\/\/templ.io\/sv\/wp-json\/wp\/v2\/comments?post=5871"}],"version-history":[{"count":3,"href":"https:\/\/templ.io\/sv\/wp-json\/wp\/v2\/pages\/5871\/revisions"}],"predecessor-version":[{"id":117468,"href":"https:\/\/templ.io\/sv\/wp-json\/wp\/v2\/pages\/5871\/revisions\/117468"}],"wp:attachment":[{"href":"https:\/\/templ.io\/sv\/wp-json\/wp\/v2\/media?parent=5871"}],"curies":[{"name":"wp","href":"https:\/\/api.w.org\/{rel}","templated":true}]}}