{"id":60922,"date":"2022-10-10T09:08:41","date_gmt":"2022-10-10T07:08:41","guid":{"rendered":"https:\/\/templ.io\/?page_id=60922"},"modified":"2022-10-24T13:02:36","modified_gmt":"2022-10-24T11:02:36","slug":"bli-templ-partner","status":"publish","type":"page","link":"https:\/\/templ.io\/sv\/bli-templ-partner\/","title":{"rendered":"Bli Templ-partner"},"content":{"rendered":"\n<section id=\"hero-block_6343c463a4297\" class=\"templ-section hero-block full-height animate-background\">\n        <div class=\"container\">\n            \n\n<div class=\"row pb-4 align-items-center\">\n          <div class=\"col-lg-5\">\n            <h1 class=\"ani-up-hero\">Levla upp byr\u00e5n.<\/h1>\n            <p class=\"mb-4 ani-up-hero\">Regga webbyr\u00e5n som Templ-partner och f\u00e5 tillg\u00e5ng till exklusiva features och resurser, s\u00e5som kostnadsfria utvecklingssajter, team support i Slack, dundersk\u00f6na Templ-hoodies (du l\u00e4ste r\u00e4tt!) och mycket mer.<\/p>\n            <a class=\"btn btn-primary me-1 ani-up-hero\" role=\"button\" href=\"..\/register\/?partner=1\">Kom ig\u00e5ng som partner<\/a>\n<a class=\"btn btn-outline-primary ani-up-hero\" id=\"intercom-launcher\" role=\"button\" href=\"#\">Chatta med oss<\/a>\n\n\n          <\/div>\n          <div id=\"hero-reseller-ani\" class=\"ani-up-hero col-lg-7 mt-3 mt-lg-0\"><\/div>\n        <\/div>\n\n\n        <\/div>\n    <\/section>\n\n<style>\n    body {\n        background-color: #fae0f3;\n    }\n<\/style>\n","protected":false},"excerpt":{"rendered":"","protected":false},"author":9,"featured_media":0,"parent":0,"menu_order":0,"comment_status":"closed","ping_status":"closed","template":"page-become-partner-sv.php","meta":[],"acf":[],"_links":{"self":[{"href":"https:\/\/templ.io\/sv\/wp-json\/wp\/v2\/pages\/60922"}],"collection":[{"href":"https:\/\/templ.io\/sv\/wp-json\/wp\/v2\/pages"}],"about":[{"href":"https:\/\/templ.io\/sv\/wp-json\/wp\/v2\/types\/page"}],"author":[{"embeddable":true,"href":"https:\/\/templ.io\/sv\/wp-json\/wp\/v2\/users\/9"}],"replies":[{"embeddable":true,"href":"https:\/\/templ.io\/sv\/wp-json\/wp\/v2\/comments?post=60922"}],"version-history":[{"count":4,"href":"https:\/\/templ.io\/sv\/wp-json\/wp\/v2\/pages\/60922\/revisions"}],"predecessor-version":[{"id":61595,"href":"https:\/\/templ.io\/sv\/wp-json\/wp\/v2\/pages\/60922\/revisions\/61595"}],"wp:attachment":[{"href":"https:\/\/templ.io\/sv\/wp-json\/wp\/v2\/media?parent=60922"}],"curies":[{"name":"wp","href":"https:\/\/api.w.org\/{rel}","templated":true}]}}