{"id":84352,"date":"2023-11-27T09:04:01","date_gmt":"2023-11-27T08:04:01","guid":{"rendered":"https:\/\/templ.io\/?page_id=84352"},"modified":"2023-11-27T09:04:02","modified_gmt":"2023-11-27T08:04:02","slug":"hackad-sajt-fix-garanti","status":"publish","type":"page","link":"https:\/\/templ.io\/sv\/hackad-sajt-fix-garanti\/","title":{"rendered":"Hackad sajt fix garanti"},"content":{"rendered":"\n<section id=\"hero-block_65644d24c8e36\" class=\"templ-section hero-block full-height animate-background\">\n        <div class=\"container\">\n            \n\n<div class=\"row pb-4 align-items-center single-feature\">\n          <div class=\"col-lg-5\">\n<p class=\"ani-up-hero intro-title\">Hackad sajt fix garanti<\/p>\n            <h1 class=\"ani-up-hero\">Vi arbetar kostnadsfritt f\u00f6r att r\u00e4dda din sajt<\/h1>\n            <p class=\"mb-4 ani-up-hero\">F\u00e5 hj\u00e4lp att ta bort skadlig kod och f\u00f6rhindra framtida attacker. \n\n\n<\/p>\n           \n            \n          <\/div>\n          <div id=\"malware-ani\" class=\"ani-up-hero col-lg-7 mt-3 mt-lg-0\"><\/div>\n        <\/div>\n\n\n        <\/div>\n    <\/section>\n\n<style>\n    body {\n        background-color: #fdf0df;\n    }\n<\/style>\n","protected":false},"excerpt":{"rendered":"","protected":false},"author":9,"featured_media":0,"parent":0,"menu_order":0,"comment_status":"closed","ping_status":"closed","template":"page-hacker-guarantee-sv.php","meta":[],"acf":[],"_links":{"self":[{"href":"https:\/\/templ.io\/sv\/wp-json\/wp\/v2\/pages\/84352"}],"collection":[{"href":"https:\/\/templ.io\/sv\/wp-json\/wp\/v2\/pages"}],"about":[{"href":"https:\/\/templ.io\/sv\/wp-json\/wp\/v2\/types\/page"}],"author":[{"embeddable":true,"href":"https:\/\/templ.io\/sv\/wp-json\/wp\/v2\/users\/9"}],"replies":[{"embeddable":true,"href":"https:\/\/templ.io\/sv\/wp-json\/wp\/v2\/comments?post=84352"}],"version-history":[{"count":2,"href":"https:\/\/templ.io\/sv\/wp-json\/wp\/v2\/pages\/84352\/revisions"}],"predecessor-version":[{"id":84354,"href":"https:\/\/templ.io\/sv\/wp-json\/wp\/v2\/pages\/84352\/revisions\/84354"}],"wp:attachment":[{"href":"https:\/\/templ.io\/sv\/wp-json\/wp\/v2\/media?parent=84352"}],"curies":[{"name":"wp","href":"https:\/\/api.w.org\/{rel}","templated":true}]}}