{"id":84355,"date":"2023-11-27T09:10:05","date_gmt":"2023-11-27T08:10:05","guid":{"rendered":"https:\/\/templ.io\/?page_id=84355"},"modified":"2023-11-27T09:13:47","modified_gmt":"2023-11-27T08:13:47","slug":"staging","status":"publish","type":"page","link":"https:\/\/templ.io\/sv\/staging\/","title":{"rendered":"Staging"},"content":{"rendered":"\n<section id=\"hero-block_65644dea27724\" class=\"templ-section hero-block full-height animate-background\">\n        <div class=\"container\">\n            \n\n<div class=\"row pb-4 align-items-center single-feature\">\n          <div class=\"col-lg-5\">\n<p class=\"ani-up-hero intro-title\">Staging<\/p>\n            <h1 class=\"ani-up-hero\">Stressfria uppdateringar med staging<\/h1>\n            <p class=\"mb-4 ani-up-hero\">Testa \u00e4ndringar p\u00e5 en staging-sajt innan du g\u00e5r live.<\/p>\n           \n            \n          <\/div>\n          <div id=\"staging-ani\" class=\"ani-up-hero col-lg-7 mt-3 mt-lg-0\"><\/div>\n        <\/div>\n\n\n        <\/div>\n    <\/section>\n\n<style>\n    body {\n        background-color: #fdf0df;\n    }\n<\/style>\n","protected":false},"excerpt":{"rendered":"","protected":false},"author":9,"featured_media":0,"parent":0,"menu_order":0,"comment_status":"closed","ping_status":"closed","template":"page-staging-sv.php","meta":[],"acf":[],"_links":{"self":[{"href":"https:\/\/templ.io\/sv\/wp-json\/wp\/v2\/pages\/84355"}],"collection":[{"href":"https:\/\/templ.io\/sv\/wp-json\/wp\/v2\/pages"}],"about":[{"href":"https:\/\/templ.io\/sv\/wp-json\/wp\/v2\/types\/page"}],"author":[{"embeddable":true,"href":"https:\/\/templ.io\/sv\/wp-json\/wp\/v2\/users\/9"}],"replies":[{"embeddable":true,"href":"https:\/\/templ.io\/sv\/wp-json\/wp\/v2\/comments?post=84355"}],"version-history":[{"count":5,"href":"https:\/\/templ.io\/sv\/wp-json\/wp\/v2\/pages\/84355\/revisions"}],"predecessor-version":[{"id":84363,"href":"https:\/\/templ.io\/sv\/wp-json\/wp\/v2\/pages\/84355\/revisions\/84363"}],"wp:attachment":[{"href":"https:\/\/templ.io\/sv\/wp-json\/wp\/v2\/media?parent=84355"}],"curies":[{"name":"wp","href":"https:\/\/api.w.org\/{rel}","templated":true}]}}